{"id":1264,"date":"2021-12-08T11:21:34","date_gmt":"2021-12-08T10:21:34","guid":{"rendered":"https:\/\/038games.nl\/?page_id=1264"},"modified":"2021-12-08T11:21:34","modified_gmt":"2021-12-08T10:21:34","slug":"virtueel-huis-van-de-verbeelding","status":"publish","type":"page","link":"https:\/\/038games.nl\/?page_id=1264","title":{"rendered":"Virtueel Huis van de Verbeelding"},"content":{"rendered":"<p>In opdracht van <a href=\"https:\/\/www.destadverbeeldt.nl\/\">De stad verbeeldt<\/a> heeft een team studenten gewerkt aan het realiseren van een\u00a0virtuele huis met kamers waarin beeldverhalen verteld worden: het <a href=\"https:\/\/www.destadverbeeldt.nl\/windesheim-vr\">Virtuele Huis van de Verbeelding<\/a>\u00a0 Deze kamers bevatten beeldmateriaal aangeleverd door Stad Verbeeldt. De doelgroep van deze omgeving die en online \u00e9n in VR kan worden gespeeld is breed.<\/p>\n<p><a href=\"https:\/\/i0.wp.com\/038games.nl\/wp-content\/uploads\/2021\/12\/Huis-van-de-verbeeldingmenu.jpg\"><img data-recalc-dims=\"1\" loading=\"lazy\" decoding=\"async\" data-attachment-id=\"1265\" data-permalink=\"https:\/\/038games.nl\/?attachment_id=1265\" data-orig-file=\"https:\/\/i0.wp.com\/038games.nl\/wp-content\/uploads\/2021\/12\/Huis-van-de-verbeeldingmenu.jpg?fit=1100%2C573&amp;ssl=1\" data-orig-size=\"1100,573\" data-comments-opened=\"0\" data-image-meta=\"{&quot;aperture&quot;:&quot;0&quot;,&quot;credit&quot;:&quot;&quot;,&quot;camera&quot;:&quot;&quot;,&quot;caption&quot;:&quot;&quot;,&quot;created_timestamp&quot;:&quot;0&quot;,&quot;copyright&quot;:&quot;&quot;,&quot;focal_length&quot;:&quot;0&quot;,&quot;iso&quot;:&quot;0&quot;,&quot;shutter_speed&quot;:&quot;0&quot;,&quot;title&quot;:&quot;&quot;,&quot;orientation&quot;:&quot;0&quot;}\" data-image-title=\"Huis van de verbeeldingmenu\" data-image-description=\"\" data-image-caption=\"\" data-medium-file=\"https:\/\/i0.wp.com\/038games.nl\/wp-content\/uploads\/2021\/12\/Huis-van-de-verbeeldingmenu.jpg?fit=300%2C156&amp;ssl=1\" data-large-file=\"https:\/\/i0.wp.com\/038games.nl\/wp-content\/uploads\/2021\/12\/Huis-van-de-verbeeldingmenu.jpg?fit=1024%2C533&amp;ssl=1\" class=\"alignright size-medium wp-image-1265\" src=\"https:\/\/i0.wp.com\/038games.nl\/wp-content\/uploads\/2021\/12\/Huis-van-de-verbeeldingmenu.jpg?resize=300%2C156\" alt=\"\" width=\"300\" height=\"156\" srcset=\"https:\/\/i0.wp.com\/038games.nl\/wp-content\/uploads\/2021\/12\/Huis-van-de-verbeeldingmenu.jpg?resize=300%2C156&amp;ssl=1 300w, https:\/\/i0.wp.com\/038games.nl\/wp-content\/uploads\/2021\/12\/Huis-van-de-verbeeldingmenu.jpg?resize=1024%2C533&amp;ssl=1 1024w, https:\/\/i0.wp.com\/038games.nl\/wp-content\/uploads\/2021\/12\/Huis-van-de-verbeeldingmenu.jpg?resize=768%2C400&amp;ssl=1 768w, https:\/\/i0.wp.com\/038games.nl\/wp-content\/uploads\/2021\/12\/Huis-van-de-verbeeldingmenu.jpg?w=1100&amp;ssl=1 1100w\" sizes=\"auto, (max-width: 300px) 100vw, 300px\" \/><\/a><\/p>\n<p>Er is gekozen voor een menu met plaatjes van de kamers zelf, en de namen van de beeldverhalen erboven. Zo weet de speler welke kamer hij betreedt, ook als het niet aan de naam te zien is.<\/p>\n<p>Dit menu staat als een cirkel om de speler heen, vooral in VR werkt dit goed. De speler kan zelf kiezen welke kamer bekeken wordt, en als de speler uit deze kamer gaat komt hij weer in het menu terecht.<\/p>\n<p><em>Een voorbeeld van \u00e9\u00e9n van de tien kamers<\/em><\/p>\n<p><em><a href=\"https:\/\/i0.wp.com\/038games.nl\/wp-content\/uploads\/2021\/12\/Huis-van-de-verbeelding1.jpg\"><img data-recalc-dims=\"1\" loading=\"lazy\" decoding=\"async\" data-attachment-id=\"1266\" data-permalink=\"https:\/\/038games.nl\/?attachment_id=1266\" data-orig-file=\"https:\/\/i0.wp.com\/038games.nl\/wp-content\/uploads\/2021\/12\/Huis-van-de-verbeelding1.jpg?fit=1100%2C495&amp;ssl=1\" data-orig-size=\"1100,495\" data-comments-opened=\"0\" data-image-meta=\"{&quot;aperture&quot;:&quot;0&quot;,&quot;credit&quot;:&quot;&quot;,&quot;camera&quot;:&quot;&quot;,&quot;caption&quot;:&quot;&quot;,&quot;created_timestamp&quot;:&quot;0&quot;,&quot;copyright&quot;:&quot;&quot;,&quot;focal_length&quot;:&quot;0&quot;,&quot;iso&quot;:&quot;0&quot;,&quot;shutter_speed&quot;:&quot;0&quot;,&quot;title&quot;:&quot;&quot;,&quot;orientation&quot;:&quot;0&quot;}\" data-image-title=\"Huis van de verbeelding1\" data-image-description=\"\" data-image-caption=\"\" data-medium-file=\"https:\/\/i0.wp.com\/038games.nl\/wp-content\/uploads\/2021\/12\/Huis-van-de-verbeelding1.jpg?fit=300%2C135&amp;ssl=1\" data-large-file=\"https:\/\/i0.wp.com\/038games.nl\/wp-content\/uploads\/2021\/12\/Huis-van-de-verbeelding1.jpg?fit=1024%2C461&amp;ssl=1\" class=\"size-medium wp-image-1266 alignleft\" src=\"https:\/\/i0.wp.com\/038games.nl\/wp-content\/uploads\/2021\/12\/Huis-van-de-verbeelding1.jpg?resize=300%2C135\" alt=\"\" width=\"300\" height=\"135\" srcset=\"https:\/\/i0.wp.com\/038games.nl\/wp-content\/uploads\/2021\/12\/Huis-van-de-verbeelding1.jpg?resize=300%2C135&amp;ssl=1 300w, https:\/\/i0.wp.com\/038games.nl\/wp-content\/uploads\/2021\/12\/Huis-van-de-verbeelding1.jpg?resize=1024%2C461&amp;ssl=1 1024w, https:\/\/i0.wp.com\/038games.nl\/wp-content\/uploads\/2021\/12\/Huis-van-de-verbeelding1.jpg?resize=768%2C346&amp;ssl=1 768w, https:\/\/i0.wp.com\/038games.nl\/wp-content\/uploads\/2021\/12\/Huis-van-de-verbeelding1.jpg?w=1100&amp;ssl=1 1100w\" sizes=\"auto, (max-width: 300px) 100vw, 300px\" \/><\/a>Een nieuw begin<\/em><br \/>\nEen nieuw begin gaat over emigranten uit Eritrea die een dopingsfeest vieren in Nederland. Op het beeldverhaal dragen de mensen witte doeken, die we hebben vertaald naar de witte gordijnen. Ook liggen er landkaarten van Nederland en Eritrea op de vloer. Ten slotte staat er een tafel met een laken, en een schaal voor dopingen. In deze kamer is er geen interactie behalve het inzoomen van het beeldverhaal.<\/p>\n<p>&nbsp;<\/p>\n<p>Als je het spel zelf wil ervaren, dat kan in de <a href=\"https:\/\/www.destadverbeeldt.nl\/vr\/\">browserversie<\/a>.<\/p>\n<p>Het team van 038games bestond uit Esm\u00e9e Stevens (management en creative), Zo\u00eb Klamer (creative), Timo Habekott\u00e9 (creative), Siem Bosgra (developer) en Neville Blackson (developer).<\/p>\n","protected":false},"excerpt":{"rendered":"<p>In opdracht van De stad verbeeldt heeft een team studenten gewerkt aan het realiseren van een\u00a0virtuele huis met kamers waarin beeldverhalen verteld worden: het Virtuele Huis van de Verbeelding\u00a0 Deze kamers bevatten beeldmateriaal aangeleverd door Stad Verbeeldt. De doelgroep van<\/p>\n","protected":false},"author":4,"featured_media":0,"parent":270,"menu_order":0,"comment_status":"closed","ping_status":"closed","template":"","meta":{"jetpack_post_was_ever_published":false,"footnotes":""},"class_list":["post-1264","page","type-page","status-publish","hentry"],"jetpack_sharing_enabled":true,"jetpack_shortlink":"https:\/\/wp.me\/Pacx7c-ko","jetpack-related-posts":[],"_links":{"self":[{"href":"https:\/\/038games.nl\/index.php?rest_route=\/wp\/v2\/pages\/1264","targetHints":{"allow":["GET"]}}],"collection":[{"href":"https:\/\/038games.nl\/index.php?rest_route=\/wp\/v2\/pages"}],"about":[{"href":"https:\/\/038games.nl\/index.php?rest_route=\/wp\/v2\/types\/page"}],"author":[{"embeddable":true,"href":"https:\/\/038games.nl\/index.php?rest_route=\/wp\/v2\/users\/4"}],"replies":[{"embeddable":true,"href":"https:\/\/038games.nl\/index.php?rest_route=%2Fwp%2Fv2%2Fcomments&post=1264"}],"version-history":[{"count":1,"href":"https:\/\/038games.nl\/index.php?rest_route=\/wp\/v2\/pages\/1264\/revisions"}],"predecessor-version":[{"id":1267,"href":"https:\/\/038games.nl\/index.php?rest_route=\/wp\/v2\/pages\/1264\/revisions\/1267"}],"up":[{"embeddable":true,"href":"https:\/\/038games.nl\/index.php?rest_route=\/wp\/v2\/pages\/270"}],"wp:attachment":[{"href":"https:\/\/038games.nl\/index.php?rest_route=%2Fwp%2Fv2%2Fmedia&parent=1264"}],"curies":[{"name":"wp","href":"https:\/\/api.w.org\/{rel}","templated":true}]}}