{"id":285,"date":"2016-02-22T14:41:55","date_gmt":"2016-02-22T13:41:55","guid":{"rendered":"http:\/\/5.157.81.93\/038games\/?page_id=285"},"modified":"2021-11-01T14:28:43","modified_gmt":"2021-11-01T13:28:43","slug":"kijken-en-begrijpen","status":"publish","type":"page","link":"https:\/\/038games.nl\/?page_id=285","title":{"rendered":"Kijken en begrijpen"},"content":{"rendered":"<p><a href=\"https:\/\/i0.wp.com\/038games.nl\/wp-content\/uploads\/2016\/02\/logokenb.png\"><img data-recalc-dims=\"1\" loading=\"lazy\" decoding=\"async\" data-attachment-id=\"370\" data-permalink=\"https:\/\/038games.nl\/?attachment_id=370\" data-orig-file=\"https:\/\/i0.wp.com\/038games.nl\/wp-content\/uploads\/2016\/02\/logokenb.png?fit=618%2C617&amp;ssl=1\" data-orig-size=\"618,617\" data-comments-opened=\"0\" data-image-meta=\"{&quot;aperture&quot;:&quot;0&quot;,&quot;credit&quot;:&quot;&quot;,&quot;camera&quot;:&quot;&quot;,&quot;caption&quot;:&quot;&quot;,&quot;created_timestamp&quot;:&quot;0&quot;,&quot;copyright&quot;:&quot;&quot;,&quot;focal_length&quot;:&quot;0&quot;,&quot;iso&quot;:&quot;0&quot;,&quot;shutter_speed&quot;:&quot;0&quot;,&quot;title&quot;:&quot;&quot;}\" data-image-title=\"logokenb\" data-image-description=\"\" data-image-caption=\"\" data-medium-file=\"https:\/\/i0.wp.com\/038games.nl\/wp-content\/uploads\/2016\/02\/logokenb.png?fit=300%2C300&amp;ssl=1\" data-large-file=\"https:\/\/i0.wp.com\/038games.nl\/wp-content\/uploads\/2016\/02\/logokenb.png?fit=618%2C617&amp;ssl=1\" class=\" wp-image-370 alignleft\" src=\"https:\/\/i0.wp.com\/038games.nl\/wp-content\/uploads\/2016\/02\/logokenb.png?resize=168%2C168\" alt=\"logokenb\" width=\"168\" height=\"168\" srcset=\"https:\/\/i0.wp.com\/038games.nl\/wp-content\/uploads\/2016\/02\/logokenb.png?resize=300%2C300&amp;ssl=1 300w, https:\/\/i0.wp.com\/038games.nl\/wp-content\/uploads\/2016\/02\/logokenb.png?resize=150%2C150&amp;ssl=1 150w, https:\/\/i0.wp.com\/038games.nl\/wp-content\/uploads\/2016\/02\/logokenb.png?w=618&amp;ssl=1 618w\" sizes=\"auto, (max-width: 168px) 100vw, 168px\" \/><\/a>In het kader van een groter project rondom onderzoek naar de mogelijkheden van serious gaming om communicatie bij jonge autistische kinderen te verbeteren, start een team studenten voor <a href=\"http:\/\/WWW.kindzorgmarion.nl\" target=\"_blank\" rel=\"noopener\">Kindzorg Marion<\/a>. Het team bestond uit Windesheim studenten Simon&nbsp;Visser (Business IT en Management), Sander ten Brinke (Software Engineering), Eleina Nieborg (Software Engineering) en Mehri \u00c7\u00f6rt\u00fck Game Artist van het Grafisch Lyceum in Utrecht.<\/p>\n<p><a href=\"https:\/\/i0.wp.com\/038games.nl\/wp-content\/uploads\/2016\/02\/parklevel.png\"><img data-recalc-dims=\"1\" loading=\"lazy\" decoding=\"async\" data-attachment-id=\"367\" data-permalink=\"https:\/\/038games.nl\/?attachment_id=367\" data-orig-file=\"https:\/\/i0.wp.com\/038games.nl\/wp-content\/uploads\/2016\/02\/parklevel.png?fit=945%2C537&amp;ssl=1\" data-orig-size=\"945,537\" data-comments-opened=\"0\" data-image-meta=\"{&quot;aperture&quot;:&quot;0&quot;,&quot;credit&quot;:&quot;&quot;,&quot;camera&quot;:&quot;&quot;,&quot;caption&quot;:&quot;&quot;,&quot;created_timestamp&quot;:&quot;0&quot;,&quot;copyright&quot;:&quot;&quot;,&quot;focal_length&quot;:&quot;0&quot;,&quot;iso&quot;:&quot;0&quot;,&quot;shutter_speed&quot;:&quot;0&quot;,&quot;title&quot;:&quot;&quot;}\" data-image-title=\"parklevel\" data-image-description=\"\" data-image-caption=\"\" data-medium-file=\"https:\/\/i0.wp.com\/038games.nl\/wp-content\/uploads\/2016\/02\/parklevel.png?fit=300%2C170&amp;ssl=1\" data-large-file=\"https:\/\/i0.wp.com\/038games.nl\/wp-content\/uploads\/2016\/02\/parklevel.png?fit=945%2C537&amp;ssl=1\" class=\"alignnone size-medium wp-image-367\" src=\"https:\/\/i0.wp.com\/038games.nl\/wp-content\/uploads\/2016\/02\/parklevel.png?resize=300%2C170\" alt=\"parklevel\" width=\"300\" height=\"170\" srcset=\"https:\/\/i0.wp.com\/038games.nl\/wp-content\/uploads\/2016\/02\/parklevel.png?resize=300%2C170&amp;ssl=1 300w, https:\/\/i0.wp.com\/038games.nl\/wp-content\/uploads\/2016\/02\/parklevel.png?resize=500%2C284&amp;ssl=1 500w, https:\/\/i0.wp.com\/038games.nl\/wp-content\/uploads\/2016\/02\/parklevel.png?w=945&amp;ssl=1 945w\" sizes=\"auto, (max-width: 300px) 100vw, 300px\" \/><\/a><\/p>\n<p>Het project maakt onderdeel uit van een groter consortium met onder andere Hogeschool WIndesheim, Hogeschool NHL, Hanze Hogeschool, UMCG en Accare. Verschillende studententeams hebben idee\u00ebn voor serious games uitgwerkt en getest.<\/p>\n<p><a href=\"https:\/\/i0.wp.com\/038games.nl\/wp-content\/uploads\/2016\/02\/minigamekenb.png\"><img data-recalc-dims=\"1\" loading=\"lazy\" decoding=\"async\" data-attachment-id=\"369\" data-permalink=\"https:\/\/038games.nl\/?attachment_id=369\" data-orig-file=\"https:\/\/i0.wp.com\/038games.nl\/wp-content\/uploads\/2016\/02\/minigamekenb.png?fit=945%2C535&amp;ssl=1\" data-orig-size=\"945,535\" data-comments-opened=\"0\" data-image-meta=\"{&quot;aperture&quot;:&quot;0&quot;,&quot;credit&quot;:&quot;&quot;,&quot;camera&quot;:&quot;&quot;,&quot;caption&quot;:&quot;&quot;,&quot;created_timestamp&quot;:&quot;0&quot;,&quot;copyright&quot;:&quot;&quot;,&quot;focal_length&quot;:&quot;0&quot;,&quot;iso&quot;:&quot;0&quot;,&quot;shutter_speed&quot;:&quot;0&quot;,&quot;title&quot;:&quot;&quot;}\" data-image-title=\"minigamekenb\" data-image-description=\"\" data-image-caption=\"\" data-medium-file=\"https:\/\/i0.wp.com\/038games.nl\/wp-content\/uploads\/2016\/02\/minigamekenb.png?fit=300%2C169&amp;ssl=1\" data-large-file=\"https:\/\/i0.wp.com\/038games.nl\/wp-content\/uploads\/2016\/02\/minigamekenb.png?fit=945%2C535&amp;ssl=1\" class=\"size-medium wp-image-369 alignright\" src=\"https:\/\/i0.wp.com\/038games.nl\/wp-content\/uploads\/2016\/02\/minigamekenb.png?resize=300%2C169\" alt=\"minigamekenb\" width=\"300\" height=\"169\" srcset=\"https:\/\/i0.wp.com\/038games.nl\/wp-content\/uploads\/2016\/02\/minigamekenb.png?resize=300%2C169&amp;ssl=1 300w, https:\/\/i0.wp.com\/038games.nl\/wp-content\/uploads\/2016\/02\/minigamekenb.png?resize=500%2C283&amp;ssl=1 500w, https:\/\/i0.wp.com\/038games.nl\/wp-content\/uploads\/2016\/02\/minigamekenb.png?w=945&amp;ssl=1 945w\" sizes=\"auto, (max-width: 300px) 100vw, 300px\" \/><\/a>De game Kijken &amp; Begrijpen is een veelzijdige en rijke game met fraaie animaties, leuke minigames met doordacht beloningssysteem, levels en geluiden. De game is af. Niet voor niets won de game de publieksprijs op de Winnovation.<\/p>\n<p><strong>Team<br \/>\n<a href=\"https:\/\/i0.wp.com\/038games.nl\/wp-content\/uploads\/2016\/02\/npcteam.png\"><img data-recalc-dims=\"1\" loading=\"lazy\" decoding=\"async\" data-attachment-id=\"368\" data-permalink=\"https:\/\/038games.nl\/?attachment_id=368\" data-orig-file=\"https:\/\/i0.wp.com\/038games.nl\/wp-content\/uploads\/2016\/02\/npcteam.png?fit=500%2C159&amp;ssl=1\" data-orig-size=\"500,159\" data-comments-opened=\"0\" data-image-meta=\"{&quot;aperture&quot;:&quot;0&quot;,&quot;credit&quot;:&quot;&quot;,&quot;camera&quot;:&quot;&quot;,&quot;caption&quot;:&quot;&quot;,&quot;created_timestamp&quot;:&quot;0&quot;,&quot;copyright&quot;:&quot;&quot;,&quot;focal_length&quot;:&quot;0&quot;,&quot;iso&quot;:&quot;0&quot;,&quot;shutter_speed&quot;:&quot;0&quot;,&quot;title&quot;:&quot;&quot;}\" data-image-title=\"npcteam\" data-image-description=\"\" data-image-caption=\"\" data-medium-file=\"https:\/\/i0.wp.com\/038games.nl\/wp-content\/uploads\/2016\/02\/npcteam.png?fit=300%2C95&amp;ssl=1\" data-large-file=\"https:\/\/i0.wp.com\/038games.nl\/wp-content\/uploads\/2016\/02\/npcteam.png?fit=500%2C159&amp;ssl=1\" class=\"alignnone size-medium wp-image-368\" src=\"https:\/\/i0.wp.com\/038games.nl\/wp-content\/uploads\/2016\/02\/npcteam.png?resize=300%2C95\" alt=\"npcteam\" width=\"300\" height=\"95\" srcset=\"https:\/\/i0.wp.com\/038games.nl\/wp-content\/uploads\/2016\/02\/npcteam.png?resize=300%2C95&amp;ssl=1 300w, https:\/\/i0.wp.com\/038games.nl\/wp-content\/uploads\/2016\/02\/npcteam.png?w=500&amp;ssl=1 500w\" sizes=\"auto, (max-width: 300px) 100vw, 300px\" \/><\/a><br \/>\n<a href=\"https:\/\/i0.wp.com\/038games.nl\/wp-content\/uploads\/2016\/02\/kenbteam.jpg\"><img data-recalc-dims=\"1\" loading=\"lazy\" decoding=\"async\" data-attachment-id=\"373\" data-permalink=\"https:\/\/038games.nl\/?attachment_id=373\" data-orig-file=\"https:\/\/i0.wp.com\/038games.nl\/wp-content\/uploads\/2016\/02\/kenbteam.jpg?fit=480%2C360&amp;ssl=1\" data-orig-size=\"480,360\" data-comments-opened=\"0\" data-image-meta=\"{&quot;aperture&quot;:&quot;0&quot;,&quot;credit&quot;:&quot;&quot;,&quot;camera&quot;:&quot;&quot;,&quot;caption&quot;:&quot;&quot;,&quot;created_timestamp&quot;:&quot;0&quot;,&quot;copyright&quot;:&quot;&quot;,&quot;focal_length&quot;:&quot;0&quot;,&quot;iso&quot;:&quot;0&quot;,&quot;shutter_speed&quot;:&quot;0&quot;,&quot;title&quot;:&quot;&quot;}\" data-image-title=\"kenbteam\" data-image-description=\"\" data-image-caption=\"\" data-medium-file=\"https:\/\/i0.wp.com\/038games.nl\/wp-content\/uploads\/2016\/02\/kenbteam.jpg?fit=300%2C225&amp;ssl=1\" data-large-file=\"https:\/\/i0.wp.com\/038games.nl\/wp-content\/uploads\/2016\/02\/kenbteam.jpg?fit=480%2C360&amp;ssl=1\" class=\"alignnone size-medium wp-image-373\" src=\"https:\/\/i0.wp.com\/038games.nl\/wp-content\/uploads\/2016\/02\/kenbteam.jpg?resize=300%2C225\" alt=\"kenbteam\" width=\"300\" height=\"225\" srcset=\"https:\/\/i0.wp.com\/038games.nl\/wp-content\/uploads\/2016\/02\/kenbteam.jpg?resize=300%2C225&amp;ssl=1 300w, https:\/\/i0.wp.com\/038games.nl\/wp-content\/uploads\/2016\/02\/kenbteam.jpg?resize=400%2C300&amp;ssl=1 400w, https:\/\/i0.wp.com\/038games.nl\/wp-content\/uploads\/2016\/02\/kenbteam.jpg?w=480&amp;ssl=1 480w\" sizes=\"auto, (max-width: 300px) 100vw, 300px\" \/><\/a><br \/>\n<\/strong><\/p>\n","protected":false},"excerpt":{"rendered":"<p>In het kader van een groter project rondom onderzoek naar de mogelijkheden van serious gaming om communicatie bij jonge autistische kinderen te verbeteren, start een team studenten voor Kindzorg Marion. Het team bestond uit Windesheim studenten Simon&nbsp;Visser (Business IT en<\/p>\n","protected":false},"author":4,"featured_media":0,"parent":270,"menu_order":0,"comment_status":"closed","ping_status":"open","template":"","meta":{"jetpack_post_was_ever_published":false,"footnotes":""},"class_list":["post-285","page","type-page","status-publish","hentry"],"jetpack_sharing_enabled":true,"jetpack_shortlink":"https:\/\/wp.me\/Pacx7c-4B","jetpack-related-posts":[],"_links":{"self":[{"href":"https:\/\/038games.nl\/index.php?rest_route=\/wp\/v2\/pages\/285","targetHints":{"allow":["GET"]}}],"collection":[{"href":"https:\/\/038games.nl\/index.php?rest_route=\/wp\/v2\/pages"}],"about":[{"href":"https:\/\/038games.nl\/index.php?rest_route=\/wp\/v2\/types\/page"}],"author":[{"embeddable":true,"href":"https:\/\/038games.nl\/index.php?rest_route=\/wp\/v2\/users\/4"}],"replies":[{"embeddable":true,"href":"https:\/\/038games.nl\/index.php?rest_route=%2Fwp%2Fv2%2Fcomments&post=285"}],"version-history":[{"count":13,"href":"https:\/\/038games.nl\/index.php?rest_route=\/wp\/v2\/pages\/285\/revisions"}],"predecessor-version":[{"id":1125,"href":"https:\/\/038games.nl\/index.php?rest_route=\/wp\/v2\/pages\/285\/revisions\/1125"}],"up":[{"embeddable":true,"href":"https:\/\/038games.nl\/index.php?rest_route=\/wp\/v2\/pages\/270"}],"wp:attachment":[{"href":"https:\/\/038games.nl\/index.php?rest_route=%2Fwp%2Fv2%2Fmedia&parent=285"}],"curies":[{"name":"wp","href":"https:\/\/api.w.org\/{rel}","templated":true}]}}